{"id":10888,"date":"2026-04-10T14:41:18","date_gmt":"2026-04-10T14:41:18","guid":{"rendered":"https:\/\/www.computerpackages.com\/wpbc-booking-payment-successful\/"},"modified":"2026-04-10T14:41:18","modified_gmt":"2026-04-10T14:41:18","slug":"wpbc-buchung-zahlung-erfolgreich","status":"publish","type":"page","link":"https:\/\/www.computerpackages.com\/de\/wpbc-booking-payment-successful\/","title":{"rendered":"Buchungszahlungsbest\u00e4tigung"},"content":{"rendered":"<p>Vielen Dank f\u00fcr Ihre Buchung. Ihre Zahlung f\u00fcr die Buchung ist erfolgreich eingegangen.<\/p>","protected":false},"excerpt":{"rendered":"<p>Vielen Dank f\u00fcr Ihre Buchung. Ihre Zahlung f\u00fcr die Buchung ist erfolgreich eingegangen.<\/p>","protected":false},"author":12,"featured_media":0,"parent":0,"menu_order":0,"comment_status":"closed","ping_status":"closed","template":"","meta":{"_monsterinsights_skip_tracking":false,"_monsterinsights_sitenote_active":false,"_monsterinsights_sitenote_note":"","_monsterinsights_sitenote_category":0,"footnotes":""},"class_list":["post-10888","page","type-page","status-publish","hentry"],"yoast_head":"<!-- This site is optimized with the Yoast SEO Premium plugin v27.5 (Yoast SEO v27.5) - https:\/\/yoast.com\/product\/yoast-seo-premium-wordpress\/ -->\r\n<title>Booking Payment Confirmation - Computer Packages Inc<\/title>\r\n<meta name=\"robots\" content=\"index, follow, max-snippet:-1, max-image-preview:large, max-video-preview:-1\" \/>\r\n<link rel=\"canonical\" href=\"https:\/\/www.computerpackages.com\/de\/wpbc-buchung-zahlung-erfolgreich\/\" \/>\r\n<meta property=\"og:locale\" content=\"de_DE\" \/>\r\n<meta property=\"og:type\" content=\"article\" \/>\r\n<meta property=\"og:title\" content=\"Booking Payment Confirmation\" \/>\r\n<meta property=\"og:description\" content=\"Thank you for your booking. Your payment for the booking has been successfully received.\" \/>\r\n<meta property=\"og:url\" content=\"https:\/\/www.computerpackages.com\/de\/wpbc-buchung-zahlung-erfolgreich\/\" \/>\r\n<meta property=\"og:site_name\" content=\"Computer Packages Inc\" \/>\r\n<meta property=\"article:publisher\" content=\"https:\/\/www.facebook.com\/ComputerPackagesInc\" \/>\r\n<meta name=\"twitter:card\" content=\"summary_large_image\" \/>\r\n<meta name=\"twitter:site\" content=\"@CPI_1968\" \/>\r\n<script type=\"application\/ld+json\" class=\"yoast-schema-graph\">{\"@context\":\"https:\\\/\\\/schema.org\",\"@graph\":[{\"@type\":\"WebPage\",\"@id\":\"https:\\\/\\\/www.computerpackages.com\\\/wpbc-booking-payment-successful\\\/\",\"url\":\"https:\\\/\\\/www.computerpackages.com\\\/wpbc-booking-payment-successful\\\/\",\"name\":\"Booking Payment Confirmation - Computer Packages Inc\",\"isPartOf\":{\"@id\":\"https:\\\/\\\/www.computerpackages.com\\\/#website\"},\"datePublished\":\"2026-04-10T14:41:18+00:00\",\"breadcrumb\":{\"@id\":\"https:\\\/\\\/www.computerpackages.com\\\/wpbc-booking-payment-successful\\\/#breadcrumb\"},\"inLanguage\":\"de\",\"potentialAction\":[{\"@type\":\"ReadAction\",\"target\":[\"https:\\\/\\\/www.computerpackages.com\\\/wpbc-booking-payment-successful\\\/\"]}]},{\"@type\":\"BreadcrumbList\",\"@id\":\"https:\\\/\\\/www.computerpackages.com\\\/wpbc-booking-payment-successful\\\/#breadcrumb\",\"itemListElement\":[{\"@type\":\"ListItem\",\"position\":1,\"name\":\"Home\",\"item\":\"https:\\\/\\\/www.computerpackages.com\\\/\"},{\"@type\":\"ListItem\",\"position\":2,\"name\":\"Booking Payment Confirmation\"}]},{\"@type\":\"WebSite\",\"@id\":\"https:\\\/\\\/www.computerpackages.com\\\/#website\",\"url\":\"https:\\\/\\\/www.computerpackages.com\\\/\",\"name\":\"Computer Packages Inc.\",\"description\":\"Serving the Intellectual Property industry since 1968\",\"publisher\":{\"@id\":\"https:\\\/\\\/www.computerpackages.com\\\/#organization\"},\"potentialAction\":[{\"@type\":\"SearchAction\",\"target\":{\"@type\":\"EntryPoint\",\"urlTemplate\":\"https:\\\/\\\/www.computerpackages.com\\\/?s={search_term_string}\"},\"query-input\":{\"@type\":\"PropertyValueSpecification\",\"valueRequired\":true,\"valueName\":\"search_term_string\"}}],\"inLanguage\":\"de\"},{\"@type\":\"Organization\",\"@id\":\"https:\\\/\\\/www.computerpackages.com\\\/#organization\",\"name\":\"Computer Packages Inc.\",\"url\":\"https:\\\/\\\/www.computerpackages.com\\\/\",\"logo\":{\"@type\":\"ImageObject\",\"inLanguage\":\"de\",\"@id\":\"https:\\\/\\\/www.computerpackages.com\\\/#\\\/schema\\\/logo\\\/image\\\/\",\"url\":\"https:\\\/\\\/www.computerpackages.com\\\/wp-content\\\/uploads\\\/2025\\\/07\\\/CPI-Logo-Full-Color-Stacked-scaled-1.png\",\"contentUrl\":\"https:\\\/\\\/www.computerpackages.com\\\/wp-content\\\/uploads\\\/2025\\\/07\\\/CPI-Logo-Full-Color-Stacked-scaled-1.png\",\"width\":1536,\"height\":512,\"caption\":\"Computer Packages Inc.\"},\"image\":{\"@id\":\"https:\\\/\\\/www.computerpackages.com\\\/#\\\/schema\\\/logo\\\/image\\\/\"},\"sameAs\":[\"https:\\\/\\\/www.facebook.com\\\/ComputerPackagesInc\",\"https:\\\/\\\/x.com\\\/CPI_1968\",\"https:\\\/\\\/www.instagram.com\\\/computerpackagesinc\",\"https:\\\/\\\/www.youtube.com\\\/@ComputerPackagesInc\u00a0\",\"https:\\\/\\\/www.linkedin.com\\\/company\\\/computer-packages-inc\"]}]}<\/script>\r\n<!-- \/ Yoast SEO Premium plugin. -->","yoast_head_json":{"title":"Buchungsbest\u00e4tigung - Computer Packages Inc","robots":{"index":"index","follow":"follow","max-snippet":"max-snippet:-1","max-image-preview":"max-image-preview:large","max-video-preview":"max-video-preview:-1"},"canonical":"https:\/\/www.computerpackages.com\/de\/wpbc-buchung-zahlung-erfolgreich\/","og_locale":"de_DE","og_type":"article","og_title":"Booking Payment Confirmation","og_description":"Thank you for your booking. Your payment for the booking has been successfully received.","og_url":"https:\/\/www.computerpackages.com\/de\/wpbc-buchung-zahlung-erfolgreich\/","og_site_name":"Computer Packages Inc","article_publisher":"https:\/\/www.facebook.com\/ComputerPackagesInc","twitter_card":"summary_large_image","twitter_site":"@CPI_1968","schema":{"@context":"https:\/\/schema.org","@graph":[{"@type":"WebPage","@id":"https:\/\/www.computerpackages.com\/wpbc-booking-payment-successful\/","url":"https:\/\/www.computerpackages.com\/wpbc-booking-payment-successful\/","name":"Buchungsbest\u00e4tigung - Computer Packages Inc","isPartOf":{"@id":"https:\/\/www.computerpackages.com\/#website"},"datePublished":"2026-04-10T14:41:18+00:00","breadcrumb":{"@id":"https:\/\/www.computerpackages.com\/wpbc-booking-payment-successful\/#breadcrumb"},"inLanguage":"de","potentialAction":[{"@type":"ReadAction","target":["https:\/\/www.computerpackages.com\/wpbc-booking-payment-successful\/"]}]},{"@type":"BreadcrumbList","@id":"https:\/\/www.computerpackages.com\/wpbc-booking-payment-successful\/#breadcrumb","itemListElement":[{"@type":"ListItem","position":1,"name":"Home","item":"https:\/\/www.computerpackages.com\/"},{"@type":"ListItem","position":2,"name":"Booking Payment Confirmation"}]},{"@type":"WebSite","@id":"https:\/\/www.computerpackages.com\/#website","url":"https:\/\/www.computerpackages.com\/","name":"Computer Packages Inc.","description":"Seit 1968 im Dienste der Industrie f\u00fcr geistiges Eigentum","publisher":{"@id":"https:\/\/www.computerpackages.com\/#organization"},"potentialAction":[{"@type":"SearchAction","target":{"@type":"EntryPoint","urlTemplate":"https:\/\/www.computerpackages.com\/?s={search_term_string}"},"query-input":{"@type":"PropertyValueSpecification","valueRequired":true,"valueName":"search_term_string"}}],"inLanguage":"de"},{"@type":"Organization","@id":"https:\/\/www.computerpackages.com\/#organization","name":"Computer Packages Inc.","url":"https:\/\/www.computerpackages.com\/","logo":{"@type":"ImageObject","inLanguage":"de","@id":"https:\/\/www.computerpackages.com\/#\/schema\/logo\/image\/","url":"https:\/\/www.computerpackages.com\/wp-content\/uploads\/2025\/07\/CPI-Logo-Full-Color-Stacked-scaled-1.png","contentUrl":"https:\/\/www.computerpackages.com\/wp-content\/uploads\/2025\/07\/CPI-Logo-Full-Color-Stacked-scaled-1.png","width":1536,"height":512,"caption":"Computer Packages Inc."},"image":{"@id":"https:\/\/www.computerpackages.com\/#\/schema\/logo\/image\/"},"sameAs":["https:\/\/www.facebook.com\/ComputerPackagesInc","https:\/\/x.com\/CPI_1968","https:\/\/www.instagram.com\/computerpackagesinc","https:\/\/www.youtube.com\/@ComputerPackagesInc\u00a0","https:\/\/www.linkedin.com\/company\/computer-packages-inc"]}]}},"_links":{"self":[{"href":"https:\/\/www.computerpackages.com\/de\/wp-json\/wp\/v2\/pages\/10888","targetHints":{"allow":["GET"]}}],"collection":[{"href":"https:\/\/www.computerpackages.com\/de\/wp-json\/wp\/v2\/pages"}],"about":[{"href":"https:\/\/www.computerpackages.com\/de\/wp-json\/wp\/v2\/types\/page"}],"author":[{"embeddable":true,"href":"https:\/\/www.computerpackages.com\/de\/wp-json\/wp\/v2\/users\/12"}],"replies":[{"embeddable":true,"href":"https:\/\/www.computerpackages.com\/de\/wp-json\/wp\/v2\/comments?post=10888"}],"version-history":[{"count":0,"href":"https:\/\/www.computerpackages.com\/de\/wp-json\/wp\/v2\/pages\/10888\/revisions"}],"wp:attachment":[{"href":"https:\/\/www.computerpackages.com\/de\/wp-json\/wp\/v2\/media?parent=10888"}],"curies":[{"name":"wp","href":"https:\/\/api.w.org\/{rel}","templated":true}]}}